{"id":3388,"date":"2020-03-06T17:24:11","date_gmt":"2020-03-06T16:24:11","guid":{"rendered":"https:\/\/verkauf.exzellentmakler-hameln.de\/?page_id=3388"},"modified":"2021-07-09T13:05:52","modified_gmt":"2021-07-09T11:05:52","slug":"immobilie-bewerten","status":"publish","type":"page","link":"https:\/\/www.hartig-und-kollegen.de\/verkauf\/immobilie-bewerten\/","title":{"rendered":"Immobilie bewerten"},"content":{"rendered":"<section class=\"l-section wpb_row height_medium full_height valign_center\" id=\"overview\"><div class=\"l-section-h i-cf\"><div class=\"g-cols vc_row via_flex valign_middle type_default stacking_default\"><div class=\"vc_col-sm-6 wpb_column vc_column_container align_center_xs\"><div class=\"vc_column-inner\"><div class=\"wpb_wrapper\"><div class=\"wpb_text_column\"><div class=\"wpb_wrapper\"><h2>Immobilien-Bewertung<br \/>\nf\u00fcr Immobilienverk\u00e4ufer<\/h2>\n<p>Ihre Immobilie braucht den richtigen Preis.<\/p>\n<\/div><\/div><div class=\"uavc-list-icon uavc-list-icon-wrapper ult-adjust-bottom-margin   \"><ul class=\"uavc-list\"><li><div class=\"uavc-list-content\" id=\"list-icon-wrap-2500\">\n<div class=\"uavc-list-icon  \" data-animation=\"\" data-animation-delay=\"03\" style=\"margin-right:5px;\"><div class=\"ult-just-icon-wrapper  \"><div class=\"align-icon\" style=\"text-align:center;\">\n<div class=\"aio-icon none \"  style=\"color:#333333;font-size:32px;display:inline-block;\">\n\t<i class=\"Defaults-check-square-o\"><\/i>\n<\/div><\/div><\/div>\n<\/div><span  data-ultimate-target='#list-icon-wrap-2500 .uavc-list-desc'  data-responsive-json-new='{\"font-size\":\"\",\"line-height\":\"\"}'  class=\"uavc-list-desc ult-responsive\" style=\"\">passend f\u00fcr alle Immobilien-Typen<\/p>\n<\/span><\/div><\/li><li><div class=\"uavc-list-content\" id=\"list-icon-wrap-9103\">\n<div class=\"uavc-list-icon  \" data-animation=\"\" data-animation-delay=\"03\" style=\"margin-right:5px;\"><div class=\"ult-just-icon-wrapper  \"><div class=\"align-icon\" style=\"text-align:center;\">\n<div class=\"aio-icon none \"  style=\"color:#333333;font-size:32px;display:inline-block;\">\n\t<i class=\"Defaults-check-square-o\"><\/i>\n<\/div><\/div><\/div>\n<\/div><span  data-ultimate-target='#list-icon-wrap-9103 .uavc-list-desc'  data-responsive-json-new='{\"font-size\":\"\",\"line-height\":\"\"}'  class=\"uavc-list-desc ult-responsive\" style=\"\">unkompliziert, diskret und schnell<\/p>\n<\/span><\/div><\/li><li><div class=\"uavc-list-content\" id=\"list-icon-wrap-8536\">\n<div class=\"uavc-list-icon  \" data-animation=\"\" data-animation-delay=\"03\" style=\"margin-right:5px;\"><div class=\"ult-just-icon-wrapper  \"><div class=\"align-icon\" style=\"text-align:center;\">\n<div class=\"aio-icon none \"  style=\"color:#333333;font-size:32px;display:inline-block;\">\n\t<i class=\"Defaults-check-square-o\"><\/i>\n<\/div><\/div><\/div>\n<\/div><span  data-ultimate-target='#list-icon-wrap-8536 .uavc-list-desc'  data-responsive-json-new='{\"font-size\":\"\",\"line-height\":\"\"}'  class=\"uavc-list-desc ult-responsive\" style=\"\">fundierte Immobilienbewertung vom Fachmann<\/p>\n<\/span><\/div><\/li><\/ul><\/div><div class=\"w-separator size_medium\"><\/div><div class=\"w-popup w-btn-wrapper align_none\"><button aria-label=\"Jetzt Immobilie bewerten\" class=\"w-popup-trigger type_btn w-btn us-btn-style_3\"><span class=\"w-btn-label\">Jetzt Immobilie bewerten<\/span><\/button><div class=\"w-popup-overlay\" style=\"background:rgba(0,0,0,0.85);\"><\/div><div class=\"w-popup-wrap layout_default\" style=\"--title-color:var(--color-content-heading);--title-bg-color:var(--color-content-bg-alt);--content-color:var(--color-content-text);--content-bg-color:var(--color-content-bg);--popup-width:85%;--popup-padding:5%;\"><div class=\"w-popup-box animation_fadeIn closerpos_outside without_title\"><div class=\"w-popup-box-h\"><div class=\"w-popup-box-content\"><p><iframe loading=\"lazy\" src=\"https:\/\/projekt-hartig.maklerwerkzeuge.de\/bewertung.htm\" width=\"100%\" height=\"700px\" scrolling=\"yes\">Ihr Browser unterst\u00fctzt heine IFrames<\/iframe><\/p>\n<\/div><\/div><\/div><div class=\"w-popup-closer\"><\/div><\/div><\/div><div class=\"w-separator size_medium\"><\/div><\/div><\/div><\/div><div class=\"vc_col-sm-6 wpb_column vc_column_container\"><div class=\"vc_column-inner\"><div class=\"wpb_wrapper\"><div class=\"w-popup align_center\"><button class=\"w-popup-trigger type_image\" aria-label=\"Pop-up\"><img loading=\"lazy\" decoding=\"async\" width=\"400\" height=\"400\" src=\"https:\/\/www.hartig-und-kollegen.de\/verkauf\/wp-content\/uploads\/2021\/05\/Bewerten.png\" class=\"attachment-full size-full\" alt=\"\" srcset=\"https:\/\/www.hartig-und-kollegen.de\/verkauf\/wp-content\/uploads\/2021\/05\/Bewerten.png 400w, https:\/\/www.hartig-und-kollegen.de\/verkauf\/wp-content\/uploads\/2021\/05\/Bewerten-150x150.png 150w\" sizes=\"auto, (max-width: 400px) 100vw, 400px\" \/><\/button><div class=\"w-popup-overlay\" style=\"background:rgba(0,0,0,0.85);\"><\/div><div class=\"w-popup-wrap layout_default\" style=\"--title-color:var(--color-content-heading);--title-bg-color:var(--color-content-bg-alt);--content-color:var(--color-content-text);--content-bg-color:var(--color-content-bg);--popup-width:85%;--popup-padding:5%;\"><div class=\"w-popup-box animation_fadeIn closerpos_outside without_title\"><div class=\"w-popup-box-h\"><div class=\"w-popup-box-content\"><p><iframe loading=\"lazy\" src=\"https:\/\/projekt-hartig.maklerwerkzeuge.de\/bewertung.htm\" width=\"100%\" height=\"700px\" scrolling=\"yes\">Ihr Browser unterst\u00fctzt heine IFrames<\/iframe><\/p>\n<\/div><\/div><\/div><div class=\"w-popup-closer\"><\/div><\/div><\/div><div class=\"w-separator size_small\"><\/div><\/div><\/div><\/div><\/div><\/div><\/section>\n","protected":false},"excerpt":{"rendered":"Immobilien-Bewertung f\u00fcr Immobilienverk\u00e4ufer Ihre Immobilie braucht den richtigen Preis. passend f\u00fcr alle Immobilien-Typen unkompliziert, diskret und schnell fundierte Immobilienbewertung vom Fachmann Jetzt Immobilie bewertenIhr Browser unterst\u00fctzt heine IFrames Ihr Browser unterst\u00fctzt heine IFrames","protected":false},"author":1,"featured_media":0,"parent":0,"menu_order":0,"comment_status":"closed","ping_status":"closed","template":"","meta":{"footnotes":""},"class_list":["post-3388","page","type-page","status-publish","hentry"],"_links":{"self":[{"href":"https:\/\/www.hartig-und-kollegen.de\/verkauf\/wp-json\/wp\/v2\/pages\/3388","targetHints":{"allow":["GET"]}}],"collection":[{"href":"https:\/\/www.hartig-und-kollegen.de\/verkauf\/wp-json\/wp\/v2\/pages"}],"about":[{"href":"https:\/\/www.hartig-und-kollegen.de\/verkauf\/wp-json\/wp\/v2\/types\/page"}],"author":[{"embeddable":true,"href":"https:\/\/www.hartig-und-kollegen.de\/verkauf\/wp-json\/wp\/v2\/users\/1"}],"replies":[{"embeddable":true,"href":"https:\/\/www.hartig-und-kollegen.de\/verkauf\/wp-json\/wp\/v2\/comments?post=3388"}],"version-history":[{"count":3,"href":"https:\/\/www.hartig-und-kollegen.de\/verkauf\/wp-json\/wp\/v2\/pages\/3388\/revisions"}],"predecessor-version":[{"id":3580,"href":"https:\/\/www.hartig-und-kollegen.de\/verkauf\/wp-json\/wp\/v2\/pages\/3388\/revisions\/3580"}],"wp:attachment":[{"href":"https:\/\/www.hartig-und-kollegen.de\/verkauf\/wp-json\/wp\/v2\/media?parent=3388"}],"curies":[{"name":"wp","href":"https:\/\/api.w.org\/{rel}","templated":true}]}}